{"id":58,"date":"2016-06-13T16:11:07","date_gmt":"2016-06-13T16:11:07","guid":{"rendered":"http:\/\/sw-themes.com\/porto_dummy\/?page_id=58"},"modified":"2024-11-11T13:35:02","modified_gmt":"2024-11-11T10:35:02","slug":"hakkimizda","status":"publish","type":"page","link":"https:\/\/datekstex.com\/en\/hakkimizda\/","title":{"rendered":"About us"},"content":{"rendered":"<div data-vc-full-width=\"true\" data-vc-full-width-init=\"false\" data-vc-stretch-content=\"true\" class=\"vc_row wpb_row top-row row-align-items-center vc_custom_1729502786473 vc_row-no-padding porto-inner-container\"><div class=\"porto-wrap-container container\"><div class=\"row\"><div class=\"vc_column_container col-md-2-5\"><div class=\"wpb_wrapper vc_column-inner\"><div class=\"porto-carousel owl-carousel has-ccols ccols-1\" data-plugin-options=\"{&quot;stagePadding&quot;:0,&quot;margin&quot;:0,&quot;autoplay&quot;:&quot;yes&quot;,&quot;autoplayTimeout&quot;:3000,&quot;autoplayHoverPause&quot;:false,&quot;items&quot;:1,&quot;lg&quot;:1,&quot;md&quot;:1,&quot;sm&quot;:1,&quot;xs&quot;:1,&quot;nav&quot;:false,&quot;dots&quot;:&quot;yes&quot;,&quot;animateIn&quot;:&quot;&quot;,&quot;animateOut&quot;:&quot;&quot;,&quot;loop&quot;:&quot;yes&quot;,&quot;center&quot;:false,&quot;video&quot;:false,&quot;lazyLoad&quot;:false,&quot;fullscreen&quot;:false}\">\n\t<div class=\"wpb_single_image wpb_content_element vc_align_left\">\n\t\t<div class=\"wpb_wrapper\">\n\t\t\t\n\t\t\t<div class=\"vc_single_image-wrapper vc_box_border  vc_box_border_black\"><img width=\"540\" height=\"506\" src=\"https:\/\/datekstex.com\/wp-content\/uploads\/2024\/10\/dateks-tabela.jpg\" class=\"vc_single_image-img attachment-full\" alt=\"\" decoding=\"async\" loading=\"lazy\" srcset=\"https:\/\/datekstex.com\/wp-content\/uploads\/2024\/10\/dateks-tabela.jpg 540w, https:\/\/datekstex.com\/wp-content\/uploads\/2024\/10\/dateks-tabela-400x375.jpg 400w, https:\/\/datekstex.com\/wp-content\/uploads\/2024\/10\/dateks-tabela-367x344.jpg 367w\" sizes=\"(max-width: 540px) 100vw, 540px\" \/><\/div>\n\t\t<\/div>\n\t<\/div>\n<\/div><\/div><\/div><div class=\"vc_column_container col-md-3-5\" data-appear-animation=\"fadeInLeft\"><div class=\"wpb_wrapper vc_column-inner\">\n\t<div class=\"wpb_text_column wpb_content_element  wpb_animate_when_almost_visible wpb_fadeInUp fadeInUp\" >\n\t\t<div class=\"wpb_wrapper\">\n\t\t\t<p>\u0130stanbul&#8217;un kalbinde yer alan lider \u00f6rme kuma\u015f \u00fcreticisi DATEKS&#8217;e ho\u015f geldiniz. Kuruldu\u011fumuz g\u00fcnden bu yana, kendimizi k\u00fcresel moda end\u00fcstrisinin ihtiya\u00e7lar\u0131n\u0131 kar\u015f\u0131layan y\u00fcksek kaliteli \u00f6rme kuma\u015flar \u00fcretmeye adad\u0131k. Geleneksel teknikleri modern yeniliklerle birle\u015ftiren yetenekli zanaatkar ve teknisyenlerden olu\u015fan ekibimiz, \u00fcretti\u011fimiz her kuma\u015f\u0131n en y\u00fcksek kalite, dayan\u0131kl\u0131l\u0131k ve stil standartlar\u0131n\u0131 korumas\u0131n\u0131 sa\u011fl\u0131yor.<\/p>\n\n\t\t<\/div>\n\t<\/div>\n\n\t<div class=\"wpb_text_column wpb_content_element  wpb_animate_when_almost_visible wpb_fadeInUp fadeInUp\" >\n\t\t<div class=\"wpb_wrapper\">\n\t\t\t<p>DATEKS olarak, \u00fcst d\u00fczey modadan g\u00fcnl\u00fck giyime kadar t\u00fcm uygulamalar\u0131 kar\u015f\u0131layacak yuvarlak \u00f6rme kuma\u015f teknolojilerini \u00fcretebilecek ve her t\u00fcrl\u00fc elyaf kombinasyonlar\u0131n\u0131 ve kar\u0131\u015f\u0131mlar\u0131n\u0131 kuma\u015f i\u00e7eriklerinde uygulayacak \u015fekilde \u00f6rme kuma\u015flarda uzman\u0131z. S\u00fcrd\u00fcr\u00fclebilirlik, faaliyetlerimizin merkezinde yer al\u0131r. \u00c7evresel etkimizi en aza indirmek i\u00e7in \u00e7evre dostu malzemeler ve s\u00fcre\u00e7ler kullanmaya kararl\u0131y\u0131z.<\/p>\n\n\t\t<\/div>\n\t<\/div>\n<\/div><\/div><\/div><\/div><\/div><div class=\"vc_row-full-width vc_clearfix\"><\/div><div data-vc-full-width=\"true\" data-vc-full-width-init=\"false\" data-vc-stretch-content=\"true\" class=\"vc_row wpb_row top-row row-align-items-center vc_custom_1729502786473 vc_row-no-padding porto-inner-container\"><div class=\"porto-wrap-container container\"><div class=\"row\"><div class=\"vc_column_container col-md-2-5\"><div class=\"wpb_wrapper vc_column-inner\"><div class=\"porto-carousel owl-carousel has-ccols ccols-1\" data-plugin-options=\"{&quot;stagePadding&quot;:0,&quot;margin&quot;:0,&quot;autoplay&quot;:&quot;yes&quot;,&quot;autoplayTimeout&quot;:3000,&quot;autoplayHoverPause&quot;:false,&quot;items&quot;:1,&quot;lg&quot;:1,&quot;md&quot;:1,&quot;sm&quot;:1,&quot;xs&quot;:1,&quot;nav&quot;:false,&quot;dots&quot;:&quot;yes&quot;,&quot;animateIn&quot;:&quot;&quot;,&quot;animateOut&quot;:&quot;&quot;,&quot;loop&quot;:&quot;yes&quot;,&quot;center&quot;:false,&quot;video&quot;:false,&quot;lazyLoad&quot;:false,&quot;fullscreen&quot;:false}\">\n\t<div class=\"wpb_text_column wpb_content_element  wpb_animate_when_almost_visible wpb_fadeInUp fadeInUp\" >\n\t\t<div class=\"wpb_wrapper\">\n\t\t\t<p>Uzmanl\u0131\u011f\u0131m\u0131z ve tekstile olan tutkumuzla, hem yerel hem de uluslararas\u0131 alanda tan\u0131nm\u0131\u015f markalarla ortakl\u0131k yapmaktan gurur duyuyoruz. M\u00fc\u015fteri memnuniyetine odaklanmam\u0131z, zaman\u0131nda teslimat yapmam\u0131z\u0131 ve beklentilerin \u00fcst\u00fcne \u00e7\u0131kmam\u0131z\u0131 sa\u011flayarak bizi sekt\u00f6rde g\u00fcvenilir bir isim haline getiriyor.<\/p>\n<p>Discover the perfect blend of tradition, innovation, and quality with DATEKS.<\/p>\n\n\t\t<\/div>\n\t<\/div>\n<\/div><\/div><\/div><div class=\"vc_column_container col-md-3-5\" data-appear-animation=\"fadeInLeft\"><div class=\"wpb_wrapper vc_column-inner\">\n\t<div class=\"wpb_single_image wpb_content_element vc_align_left\">\n\t\t<div class=\"wpb_wrapper\">\n\t\t\t\n\t\t\t<div class=\"vc_single_image-wrapper vc_box_border  vc_box_border_black\"><img width=\"678\" height=\"460\" src=\"https:\/\/datekstex.com\/wp-content\/uploads\/2024\/10\/hakkimizda-pc.jpg\" class=\"vc_single_image-img attachment-full\" alt=\"\" decoding=\"async\" loading=\"lazy\" srcset=\"https:\/\/datekstex.com\/wp-content\/uploads\/2024\/10\/hakkimizda-pc.jpg 678w, https:\/\/datekstex.com\/wp-content\/uploads\/2024\/10\/hakkimizda-pc-640x434.jpg 640w, https:\/\/datekstex.com\/wp-content\/uploads\/2024\/10\/hakkimizda-pc-400x271.jpg 400w, https:\/\/datekstex.com\/wp-content\/uploads\/2024\/10\/hakkimizda-pc-367x249.jpg 367w\" sizes=\"(max-width: 678px) 100vw, 678px\" \/><\/div>\n\t\t<\/div>\n\t<\/div>\n<\/div><\/div><\/div><\/div><\/div><div class=\"vc_row-full-width vc_clearfix\"><\/div><div class=\"vc_row wpb_row row top-row vc_custom_1729503325818\"><div class=\"vc_column_container col-md-12\"><div class=\"wpb_wrapper vc_column-inner\"><h2 class=\"word-rotator slide\" style=\"font-size:41px;text-align:center;\" data-plugin-options=\"{'waittime': 2500, 'pauseOnHover': false}\"><span class=\"word-rotate-prefix\" style=\"font-weight:bold;font-size:33px !important;color:#000000;\">Knitting<\/span> <span class=\"word-rotator-items has-bg\" style=\"font-weight:bold;color:#ddd8d4;background:#000000;\"><b class=\"active\">quality<\/b><b>excellence<\/b><b>innovation<\/b><b>precision<\/b><b>mastery<\/b><b>durability<\/b><\/span> <span class=\"word-rotate-suffix\" style=\"font-weight:bold;font-size:33px !important;color:#000000;\">stitch by stitch<\/span><\/h2><\/div><\/div><\/div>","protected":false},"excerpt":{"rendered":"\u0130stanbul'un kalbinde yer alan lider \u00f6rme kuma\u015f \u00fcreticisi DATEKS'e ho\u015f geldiniz. Kuruldu\u011fumuz g\u00fcnden bu yana, kendimizi k\u00fcresel moda end\u00fcstrisinin ihtiya\u00e7lar\u0131n\u0131 kar\u015f\u0131layan y\u00fcksek kaliteli \u00f6rme kuma\u015flar \u00fcretmeye adad\u0131k. Geleneksel teknikleri modern yeniliklerle birle\u015ftiren yetenekli zanaatkar ve teknisyenlerden olu\u015fan ekibimiz, \u00fcretti\u011fimiz her kuma\u015f\u0131n en y\u00fcksek kalite, dayan\u0131kl\u0131l\u0131k ve stil standartlar\u0131n\u0131 korumas\u0131n\u0131 sa\u011fl\u0131yor. DATEKS olarak, \u00fcst d\u00fczey modadan [...]","protected":false},"author":1,"featured_media":0,"parent":0,"menu_order":0,"comment_status":"closed","ping_status":"closed","template":"","meta":{"footnotes":""},"acf":[],"_links":{"self":[{"href":"https:\/\/datekstex.com\/en\/wp-json\/wp\/v2\/pages\/58"}],"collection":[{"href":"https:\/\/datekstex.com\/en\/wp-json\/wp\/v2\/pages"}],"about":[{"href":"https:\/\/datekstex.com\/en\/wp-json\/wp\/v2\/types\/page"}],"author":[{"embeddable":true,"href":"https:\/\/datekstex.com\/en\/wp-json\/wp\/v2\/users\/1"}],"replies":[{"embeddable":true,"href":"https:\/\/datekstex.com\/en\/wp-json\/wp\/v2\/comments?post=58"}],"version-history":[{"count":37,"href":"https:\/\/datekstex.com\/en\/wp-json\/wp\/v2\/pages\/58\/revisions"}],"predecessor-version":[{"id":2804,"href":"https:\/\/datekstex.com\/en\/wp-json\/wp\/v2\/pages\/58\/revisions\/2804"}],"wp:attachment":[{"href":"https:\/\/datekstex.com\/en\/wp-json\/wp\/v2\/media?parent=58"}],"curies":[{"name":"wp","href":"https:\/\/api.w.org\/{rel}","templated":true}]}}