{"id":2759,"date":"2024-10-24T22:40:50","date_gmt":"2024-10-24T19:40:50","guid":{"rendered":"https:\/\/datekstex.com\/?page_id=2759"},"modified":"2025-12-09T09:23:38","modified_gmt":"2025-12-09T06:23:38","slug":"iletisim","status":"publish","type":"page","link":"https:\/\/datekstex.com\/en\/iletisim\/","title":{"rendered":"Contact"},"content":{"rendered":"<div data-vc-full-width=\"true\" data-vc-full-width-init=\"false\" data-vc-stretch-content=\"true\" class=\"vc_row wpb_row top-row vc_custom_1729798987425 vc_row-no-padding porto-inner-container\"><div class=\"porto-wrap-container container\"><div class=\"row\"><div class=\"vc_column_container col-md-12\"><div class=\"wpb_wrapper vc_column-inner\">\n\t<div class=\"wpb_raw_code wpb_content_element wpb_raw_html\" >\n\t\t<div class=\"wpb_wrapper\">\n\t\t\t<iframe src=\"https:\/\/www.google.com\/maps\/embed?pb=!1m18!1m12!1m3!1d4973.811712435951!2d28.628323899999994!3d41.0736844!2m3!1f0!2f0!3f0!3m2!1i1024!2i768!4f13.1!3m3!1m2!1s0x14b5597c1089bdcb%3A0x7c29a496d035618b!2sDateks%20Fabrics!5e1!3m2!1str!2str!4v1765261387720!5m2!1str!2str\" width=\"100%\" height=\"400\" style=\"border:0;\" allowfullscreen=\"\" loading=\"lazy\" referrerpolicy=\"no-referrer-when-downgrade\"><\/iframe>\n\t\t<\/div>\n\t<\/div>\n<\/div><\/div><\/div><\/div><\/div><div class=\"vc_row-full-width vc_clearfix\"><\/div><div class=\"vc_row wpb_row top-row m-b-xl vc_custom_1729799251146 porto-inner-container\"><div class=\"porto-wrap-container container\"><div class=\"row\"><div class=\"vc_column_container col-md-12\"><div class=\"wpb_wrapper vc_column-inner\"><div class=\"porto-sicon-box  wpb_custom_1efe903570d178ff0a9b7bfa5febd3a4 style_1 default-icon\"><div class=\"porto-sicon-default\"><div class=\"porto-just-icon-wrapper porto-icon advanced\" style=\"color:#000000;background:transparent;width:25px;height:25px;line-height:25px;border-radius:25px;font-size:24px;\"><i class=\"fas fa-map-marker-alt\"><\/i><\/div><\/div><div class=\"porto-sicon-header\"><p><strong>Address:<\/strong>Ak\u00e7aburgaz, Ak\u00e7aburgaz Cd. 3028. Sokak No: 1 B\u00f6l\u00fcm: 48 Esenyurt\/\u0130stanbul<\/p><\/div> <!-- header --><\/div><!-- porto-sicon-box --><div class=\"porto-sicon-box  wpb_custom_1efe903570d178ff0a9b7bfa5febd3a4 style_1 default-icon\"><div class=\"porto-sicon-default\"><div class=\"porto-just-icon-wrapper porto-icon advanced\" style=\"color:#000000;background:transparent;width:25px;height:25px;line-height:25px;border-radius:25px;font-size:24px;\"><i class=\"fas fa-phone\"><\/i><\/div><\/div><div class=\"porto-sicon-header\"><p><strong>Phone<\/strong>: +90 (212) 663 04 43<\/p><\/div> <!-- header --><\/div><!-- porto-sicon-box --><div class=\"porto-sicon-box  wpb_custom_1efe903570d178ff0a9b7bfa5febd3a4 style_1 default-icon\"><div class=\"porto-sicon-default\"><div class=\"porto-just-icon-wrapper porto-icon advanced\" style=\"color:#000000;background:transparent;width:25px;height:25px;line-height:25px;border-radius:25px;font-size:24px;\"><i class=\"fas fa-envelope-open\"><\/i><\/div><\/div><div class=\"porto-sicon-header\"><p><strong>E-Mail<\/strong>: info@datekstex.com<\/p><\/div> <!-- header --><\/div><!-- porto-sicon-box --><\/div><\/div><\/div><\/div><\/div><div class=\"vc_row wpb_row row top-row vc_custom_1729503325818\"><div class=\"vc_column_container col-md-12\"><div class=\"wpb_wrapper vc_column-inner\"><h2 class=\"word-rotator slide  vc_custom_1729844645806\" style=\"font-size:41px;text-align:center;\" data-plugin-options=\"{'waittime': 2500, 'pauseOnHover': false}\"><span class=\"word-rotate-prefix\" style=\"font-weight:bold;font-size:33px !important;color:#000000;\">Knitting<\/span> <span class=\"word-rotator-items has-bg\" style=\"font-weight:bold;color:#ddd8d4;background:#000000;\"><b class=\"active\">quality<\/b><b>excellence<\/b><b>innovation<\/b><b>precision<\/b><b>mastery<\/b><b>durability<\/b><\/span> <span class=\"word-rotate-suffix\" style=\"font-weight:bold;font-size:33px !important;color:#000000;\">stitch by stitch<\/span><\/h2><\/div><\/div><\/div>","protected":false},"excerpt":{"rendered":"Adres:Ak\u00e7aburgaz, Ak\u00e7aburgaz Cd. 3028. Sokak No: 1 B\u00f6l\u00fcm: 48 Esenyurt\/\u0130stanbul Telefon: +90 (212) 663 04 43 E-Posta: info@datekstex.com \u0130lmek \u0130lmek kalitem\u00fckemmellikyenilikhassasiyetustal\u0131kdayan\u0131kl\u0131l\u0131k \u00f6r\u00fcyoruz","protected":false},"author":1,"featured_media":0,"parent":0,"menu_order":0,"comment_status":"closed","ping_status":"closed","template":"","meta":{"footnotes":""},"acf":[],"_links":{"self":[{"href":"https:\/\/datekstex.com\/en\/wp-json\/wp\/v2\/pages\/2759"}],"collection":[{"href":"https:\/\/datekstex.com\/en\/wp-json\/wp\/v2\/pages"}],"about":[{"href":"https:\/\/datekstex.com\/en\/wp-json\/wp\/v2\/types\/page"}],"author":[{"embeddable":true,"href":"https:\/\/datekstex.com\/en\/wp-json\/wp\/v2\/users\/1"}],"replies":[{"embeddable":true,"href":"https:\/\/datekstex.com\/en\/wp-json\/wp\/v2\/comments?post=2759"}],"version-history":[{"count":10,"href":"https:\/\/datekstex.com\/en\/wp-json\/wp\/v2\/pages\/2759\/revisions"}],"predecessor-version":[{"id":2809,"href":"https:\/\/datekstex.com\/en\/wp-json\/wp\/v2\/pages\/2759\/revisions\/2809"}],"wp:attachment":[{"href":"https:\/\/datekstex.com\/en\/wp-json\/wp\/v2\/media?parent=2759"}],"curies":[{"name":"wp","href":"https:\/\/api.w.org\/{rel}","templated":true}]}}