{"id":2670,"date":"2024-10-24T22:13:41","date_gmt":"2024-10-24T19:13:41","guid":{"rendered":"https:\/\/datekstex.com\/?page_id=2670"},"modified":"2024-10-25T11:22:44","modified_gmt":"2024-10-25T08:22:44","slug":"vizyonumuz","status":"publish","type":"page","link":"https:\/\/datekstex.com\/en\/vizyonumuz\/","title":{"rendered":"Our vision"},"content":{"rendered":"<div data-vc-full-width=\"true\" data-vc-full-width-init=\"false\" data-vc-stretch-content=\"true\" class=\"vc_row wpb_row top-row row-align-items-center vc_custom_1729796582696 vc_row-no-padding porto-inner-container\"><div class=\"porto-wrap-container container\"><div class=\"row\"><div class=\"vc_column_container col-md-12\"><div class=\"wpb_wrapper vc_column-inner\">\n\t<div class=\"wpb_single_image wpb_content_element vc_align_left\">\n\t\t<div class=\"wpb_wrapper\">\n\t\t\t\n\t\t\t<div class=\"vc_single_image-wrapper   vc_box_border_grey\"><img width=\"1186\" height=\"750\" src=\"https:\/\/datekstex.com\/wp-content\/uploads\/2024\/10\/vizyonuuz.jpg\" class=\"vc_single_image-img attachment-full\" alt=\"\" decoding=\"async\" loading=\"lazy\" srcset=\"https:\/\/datekstex.com\/wp-content\/uploads\/2024\/10\/vizyonuuz.jpg 1186w, https:\/\/datekstex.com\/wp-content\/uploads\/2024\/10\/vizyonuuz-1024x648.jpg 1024w, https:\/\/datekstex.com\/wp-content\/uploads\/2024\/10\/vizyonuuz-768x486.jpg 768w, https:\/\/datekstex.com\/wp-content\/uploads\/2024\/10\/vizyonuuz-640x405.jpg 640w, https:\/\/datekstex.com\/wp-content\/uploads\/2024\/10\/vizyonuuz-400x253.jpg 400w, https:\/\/datekstex.com\/wp-content\/uploads\/2024\/10\/vizyonuuz-367x232.jpg 367w\" sizes=\"(max-width: 1186px) 100vw, 1186px\" \/><\/div>\n\t\t<\/div>\n\t<\/div>\n\n\t<div class=\"wpb_text_column wpb_content_element  vc_custom_1729797212464\" >\n\t\t<div class=\"wpb_wrapper\">\n\t\t\t<p>To be a global leader in knitted fabric manufacturing, recognized for our innovative solutions, superior quality, and commitment to sustainability. We aim to set industry standards and foster long-term partnerships by continually pushing the boundaries of textile technology and design.<\/p>\n\n\t\t<\/div>\n\t<\/div>\n<\/div><\/div><\/div><\/div><\/div><div class=\"vc_row-full-width vc_clearfix\"><\/div><div class=\"vc_row wpb_row row top-row vc_custom_1729796544131\"><div class=\"vc_column_container col-md-12\"><div class=\"wpb_wrapper vc_column-inner\"><h2 class=\"word-rotator slide\" style=\"font-size:41px;text-align:center;\" data-plugin-options=\"{'waittime': 2500, 'pauseOnHover': false}\"><span class=\"word-rotate-prefix\" style=\"font-weight:bold;font-size:33px !important;color:#000000;\">Knitting<\/span> <span class=\"word-rotator-items has-bg\" style=\"font-weight:bold;color:#ddd8d4;background:#000000;\"><b class=\"active\">quality<\/b><b>excellence<\/b><b>innovation<\/b><b>precision<\/b><b>mastery<\/b><b>durability<\/b><\/span> <span class=\"word-rotate-suffix\" style=\"font-weight:bold;font-size:33px !important;color:#000000;\">stitch by stitch<\/span><\/h2><\/div><\/div><\/div>","protected":false},"excerpt":{"rendered":"\u00d6rme kuma\u015f \u00fcretiminde yenilik\u00e7i \u00e7\u00f6z\u00fcmlerimiz, \u00fcst\u00fcn kalitemiz ve s\u00fcrd\u00fcr\u00fclebilirli\u011fe olan ba\u011fl\u0131l\u0131\u011f\u0131m\u0131zla tan\u0131nan k\u00fcresel bir lider olmak. Tekstil teknolojisi ve tasar\u0131m\u0131n\u0131n s\u0131n\u0131rlar\u0131n\u0131 s\u00fcrekli zorlayarak end\u00fcstri standartlar\u0131n\u0131 belirlemeyi ve uzun vadeli ortakl\u0131klar\u0131 te\u015fvik etmeyi ama\u00e7l\u0131yoruz. \u0130lmek \u0130lmek kalitem\u00fckemmellikyenilikhassasiyetustal\u0131kdayan\u0131kl\u0131l\u0131k \u00f6r\u00fcyoruz","protected":false},"author":1,"featured_media":0,"parent":0,"menu_order":0,"comment_status":"closed","ping_status":"closed","template":"","meta":{"footnotes":""},"acf":[],"_links":{"self":[{"href":"https:\/\/datekstex.com\/en\/wp-json\/wp\/v2\/pages\/2670"}],"collection":[{"href":"https:\/\/datekstex.com\/en\/wp-json\/wp\/v2\/pages"}],"about":[{"href":"https:\/\/datekstex.com\/en\/wp-json\/wp\/v2\/types\/page"}],"author":[{"embeddable":true,"href":"https:\/\/datekstex.com\/en\/wp-json\/wp\/v2\/users\/1"}],"replies":[{"embeddable":true,"href":"https:\/\/datekstex.com\/en\/wp-json\/wp\/v2\/comments?post=2670"}],"version-history":[{"count":2,"href":"https:\/\/datekstex.com\/en\/wp-json\/wp\/v2\/pages\/2670\/revisions"}],"predecessor-version":[{"id":2773,"href":"https:\/\/datekstex.com\/en\/wp-json\/wp\/v2\/pages\/2670\/revisions\/2773"}],"wp:attachment":[{"href":"https:\/\/datekstex.com\/en\/wp-json\/wp\/v2\/media?parent=2670"}],"curies":[{"name":"wp","href":"https:\/\/api.w.org\/{rel}","templated":true}]}}