{"id":2667,"date":"2024-10-24T22:11:16","date_gmt":"2024-10-24T19:11:16","guid":{"rendered":"https:\/\/datekstex.com\/?page_id=2667"},"modified":"2024-11-11T13:00:20","modified_gmt":"2024-11-11T10:00:20","slug":"ne-yapiyoruz","status":"publish","type":"page","link":"https:\/\/datekstex.com\/en\/ne-yapiyoruz\/","title":{"rendered":"What We Do: Knitting"},"content":{"rendered":"<div data-vc-full-width=\"true\" data-vc-full-width-init=\"false\" data-vc-stretch-content=\"true\" class=\"vc_row wpb_row top-row row-align-items-center vc_custom_1729796582696 vc_row-no-padding porto-inner-container\"><div class=\"porto-wrap-container container\"><div class=\"row\"><div class=\"vc_column_container col-md-12\"><div class=\"wpb_wrapper vc_column-inner\">\n\t<div class=\"wpb_single_image wpb_content_element vc_align_left\">\n\t\t<div class=\"wpb_wrapper\">\n\t\t\t\n\t\t\t<div class=\"vc_single_image-wrapper   vc_box_border_grey\"><img width=\"1184\" height=\"793\" src=\"https:\/\/datekstex.com\/wp-content\/uploads\/2024\/10\/ne-uretiyoru.jpg\" class=\"vc_single_image-img attachment-full\" alt=\"\" decoding=\"async\" loading=\"lazy\" srcset=\"https:\/\/datekstex.com\/wp-content\/uploads\/2024\/10\/ne-uretiyoru.jpg 1184w, https:\/\/datekstex.com\/wp-content\/uploads\/2024\/10\/ne-uretiyoru-1024x686.jpg 1024w, https:\/\/datekstex.com\/wp-content\/uploads\/2024\/10\/ne-uretiyoru-768x514.jpg 768w, https:\/\/datekstex.com\/wp-content\/uploads\/2024\/10\/ne-uretiyoru-640x429.jpg 640w, https:\/\/datekstex.com\/wp-content\/uploads\/2024\/10\/ne-uretiyoru-400x268.jpg 400w, https:\/\/datekstex.com\/wp-content\/uploads\/2024\/10\/ne-uretiyoru-367x246.jpg 367w\" sizes=\"(max-width: 1184px) 100vw, 1184px\" \/><\/div>\n\t\t<\/div>\n\t<\/div>\n\n\t<div class=\"wpb_text_column wpb_content_element  vc_custom_1731319218033\" >\n\t\t<div class=\"wpb_wrapper\">\n\t\t\t<p>Kuma\u015f \u00fcretiminin ilk a\u015famas\u0131 olan kuma\u015f \u00f6rme veya daha spesifik olarak atk\u0131l\u0131 yuvarlak \u00f6rme teknolojileri, Dateks&#8217;in uzmanl\u0131k alan\u0131 olan tekstil \u00fcretiminin \u00f6zel bir alan\u0131d\u0131r. \u00d6rme b\u00f6l\u00fcm\u00fcm\u00fcz, sekt\u00f6rde mevcut olan en y\u00fcksek ve en modern \u00f6rme teknolojisi standartlar\u0131ndan yararlanan \u00f6rme makineleri ile donat\u0131lm\u0131\u015ft\u0131r. \u0130\u015f ortaklar\u0131m\u0131zla birlikte geli\u015ftirdi\u011fimiz \u00f6zel \u00fcretim teknikleri, kuma\u015flar ve elyaf kar\u0131\u015f\u0131mlar\u0131 m\u00fc\u015fterilerimize bir dizi yenilik\u00e7i tekstil \u00e7\u00f6z\u00fcm\u00fc sunabilmemizi sa\u011fl\u0131yor.<\/p>\n\n\t\t<\/div>\n\t<\/div>\n<\/div><\/div><\/div><\/div><\/div><div class=\"vc_row-full-width vc_clearfix\"><\/div><div class=\"vc_row wpb_row row top-row vc_custom_1729796544131\"><div class=\"vc_column_container col-md-12\"><div class=\"wpb_wrapper vc_column-inner\"><h2 class=\"word-rotator slide\" style=\"font-size:41px;text-align:center;\" data-plugin-options=\"{'waittime': 2500, 'pauseOnHover': false}\"><span class=\"word-rotate-prefix\" style=\"font-weight:bold;font-size:33px !important;color:#000000;\">Knitting<\/span> <span class=\"word-rotator-items has-bg\" style=\"font-weight:bold;color:#ddd8d4;background:#000000;\"><b class=\"active\">quality<\/b><b>excellence<\/b><b>innovation<\/b><b>precision<\/b><b>mastery<\/b><b>durability<\/b><\/span> <span class=\"word-rotate-suffix\" style=\"font-weight:bold;font-size:33px !important;color:#000000;\">stitch by stitch<\/span><\/h2><\/div><\/div><\/div>","protected":false},"excerpt":{"rendered":"Kuma\u015f \u00fcretiminin ilk a\u015famas\u0131 olan kuma\u015f \u00f6rme veya daha spesifik olarak atk\u0131l\u0131 yuvarlak \u00f6rme teknolojileri, Dateks'in uzmanl\u0131k alan\u0131 olan tekstil \u00fcretiminin \u00f6zel bir alan\u0131d\u0131r. \u00d6rme b\u00f6l\u00fcm\u00fcm\u00fcz, sekt\u00f6rde mevcut olan en y\u00fcksek ve en modern \u00f6rme teknolojisi standartlar\u0131ndan yararlanan \u00f6rme makineleri ile donat\u0131lm\u0131\u015ft\u0131r. \u0130\u015f ortaklar\u0131m\u0131zla birlikte geli\u015ftirdi\u011fimiz \u00f6zel \u00fcretim teknikleri, kuma\u015flar ve elyaf kar\u0131\u015f\u0131mlar\u0131 m\u00fc\u015fterilerimize bir [...]","protected":false},"author":1,"featured_media":0,"parent":0,"menu_order":0,"comment_status":"closed","ping_status":"closed","template":"","meta":{"footnotes":""},"acf":[],"_links":{"self":[{"href":"https:\/\/datekstex.com\/en\/wp-json\/wp\/v2\/pages\/2667"}],"collection":[{"href":"https:\/\/datekstex.com\/en\/wp-json\/wp\/v2\/pages"}],"about":[{"href":"https:\/\/datekstex.com\/en\/wp-json\/wp\/v2\/types\/page"}],"author":[{"embeddable":true,"href":"https:\/\/datekstex.com\/en\/wp-json\/wp\/v2\/users\/1"}],"replies":[{"embeddable":true,"href":"https:\/\/datekstex.com\/en\/wp-json\/wp\/v2\/comments?post=2667"}],"version-history":[{"count":4,"href":"https:\/\/datekstex.com\/en\/wp-json\/wp\/v2\/pages\/2667\/revisions"}],"predecessor-version":[{"id":2801,"href":"https:\/\/datekstex.com\/en\/wp-json\/wp\/v2\/pages\/2667\/revisions\/2801"}],"wp:attachment":[{"href":"https:\/\/datekstex.com\/en\/wp-json\/wp\/v2\/media?parent=2667"}],"curies":[{"name":"wp","href":"https:\/\/api.w.org\/{rel}","templated":true}]}}