{"id":2665,"date":"2024-10-24T22:08:56","date_gmt":"2024-10-24T19:08:56","guid":{"rendered":"https:\/\/datekstex.com\/?page_id=2665"},"modified":"2024-11-11T13:33:59","modified_gmt":"2024-11-11T10:33:59","slug":"ne-uretiyoruz","status":"publish","type":"page","link":"https:\/\/datekstex.com\/en\/ne-uretiyoruz\/","title":{"rendered":"What We Produce?"},"content":{"rendered":"<div data-vc-full-width=\"true\" data-vc-full-width-init=\"false\" data-vc-stretch-content=\"true\" class=\"vc_row wpb_row top-row row-align-items-center vc_custom_1729796582696 vc_row-no-padding porto-inner-container\"><div class=\"porto-wrap-container container\"><div class=\"row\"><div class=\"vc_column_container col-md-12\"><div class=\"wpb_wrapper vc_column-inner\">\n\t<div class=\"wpb_single_image wpb_content_element vc_align_left\">\n\t\t<div class=\"wpb_wrapper\">\n\t\t\t\n\t\t\t<div class=\"vc_single_image-wrapper   vc_box_border_grey\"><img width=\"1184\" height=\"791\" src=\"https:\/\/datekstex.com\/wp-content\/uploads\/2024\/10\/ne-uretiyoruz.jpg\" class=\"vc_single_image-img attachment-full\" alt=\"\" decoding=\"async\" loading=\"lazy\" srcset=\"https:\/\/datekstex.com\/wp-content\/uploads\/2024\/10\/ne-uretiyoruz.jpg 1184w, https:\/\/datekstex.com\/wp-content\/uploads\/2024\/10\/ne-uretiyoruz-1024x684.jpg 1024w, https:\/\/datekstex.com\/wp-content\/uploads\/2024\/10\/ne-uretiyoruz-768x513.jpg 768w, https:\/\/datekstex.com\/wp-content\/uploads\/2024\/10\/ne-uretiyoruz-640x428.jpg 640w, https:\/\/datekstex.com\/wp-content\/uploads\/2024\/10\/ne-uretiyoruz-400x267.jpg 400w, https:\/\/datekstex.com\/wp-content\/uploads\/2024\/10\/ne-uretiyoruz-367x245.jpg 367w\" sizes=\"(max-width: 1184px) 100vw, 1184px\" \/><\/div>\n\t\t<\/div>\n\t<\/div>\n\n\t<div class=\"wpb_text_column wpb_content_element  vc_custom_1731321237337\" >\n\t\t<div class=\"wpb_wrapper\">\n\t\t\t<p>Yuvarlak \u00f6rme teknolojilerinin esas\u0131n\u0131 te\u015fkil eden \u00e7ift plaka ve tek plaka makinelerde her t\u00fcrl\u00fc s\u00fcprem, interlok, ribana, ka\u015fkorse, 2-3 iplik; ringel, jakarl\u0131 ve transferli kaliteleri ve bu kuma\u015flar\u0131n i\u00e7eriklerinde kullan\u0131lmak \u00fczere do\u011fal, sentetik veya geri d\u00f6n\u00fc\u015f\u00fcm pamuk, polyester, viskon, tencel, keten, y\u00fcn, bambu, elastan ve benzeri t\u00fcm elyaf kompozisyonlar\u0131yla \u00fcretiyoruz. Geni\u015f yelpazeli \u00fcretimimiz ve Ar &amp; Ge \u00e7al\u0131\u015fmalar\u0131m\u0131z ile devaml\u0131 surette yeni kaliteler geli\u015ftirerek m\u00fc\u015fterilerimize sunuyoruz.<\/p>\n\n\t\t<\/div>\n\t<\/div>\n<\/div><\/div><\/div><\/div><\/div><div class=\"vc_row-full-width vc_clearfix\"><\/div><div class=\"vc_row wpb_row row top-row vc_custom_1729796544131\"><div class=\"vc_column_container col-md-12\"><div class=\"wpb_wrapper vc_column-inner\"><h2 class=\"word-rotator slide\" style=\"font-size:41px;text-align:center;\" data-plugin-options=\"{'waittime': 2500, 'pauseOnHover': false}\"><span class=\"word-rotate-prefix\" style=\"font-weight:bold;font-size:33px !important;color:#000000;\">Knitting<\/span> <span class=\"word-rotator-items has-bg\" style=\"font-weight:bold;color:#ddd8d4;background:#000000;\"><b class=\"active\">quality<\/b><b>excellence<\/b><b>innovation<\/b><b>precision<\/b><b>mastery<\/b><b>durability<\/b><\/span> <span class=\"word-rotate-suffix\" style=\"font-weight:bold;font-size:33px !important;color:#000000;\">stitch by stitch<\/span><\/h2><\/div><\/div><\/div>","protected":false},"excerpt":{"rendered":"Yuvarlak \u00f6rme teknolojilerinin esas\u0131n\u0131 te\u015fkil eden \u00e7ift plaka ve tek plaka makinelerde her t\u00fcrl\u00fc s\u00fcprem, interlok, ribana, ka\u015fkorse, 2-3 iplik; ringel, jakarl\u0131 ve transferli kaliteleri ve bu kuma\u015flar\u0131n i\u00e7eriklerinde kullan\u0131lmak \u00fczere do\u011fal, sentetik veya geri d\u00f6n\u00fc\u015f\u00fcm pamuk, polyester, viskon, tencel, keten, y\u00fcn, bambu, elastan ve benzeri t\u00fcm elyaf kompozisyonlar\u0131yla \u00fcretiyoruz. Geni\u015f yelpazeli \u00fcretimimiz ve Ar [...]","protected":false},"author":1,"featured_media":0,"parent":0,"menu_order":0,"comment_status":"closed","ping_status":"closed","template":"","meta":{"footnotes":""},"acf":[],"_links":{"self":[{"href":"https:\/\/datekstex.com\/en\/wp-json\/wp\/v2\/pages\/2665"}],"collection":[{"href":"https:\/\/datekstex.com\/en\/wp-json\/wp\/v2\/pages"}],"about":[{"href":"https:\/\/datekstex.com\/en\/wp-json\/wp\/v2\/types\/page"}],"author":[{"embeddable":true,"href":"https:\/\/datekstex.com\/en\/wp-json\/wp\/v2\/users\/1"}],"replies":[{"embeddable":true,"href":"https:\/\/datekstex.com\/en\/wp-json\/wp\/v2\/comments?post=2665"}],"version-history":[{"count":3,"href":"https:\/\/datekstex.com\/en\/wp-json\/wp\/v2\/pages\/2665\/revisions"}],"predecessor-version":[{"id":2803,"href":"https:\/\/datekstex.com\/en\/wp-json\/wp\/v2\/pages\/2665\/revisions\/2803"}],"wp:attachment":[{"href":"https:\/\/datekstex.com\/en\/wp-json\/wp\/v2\/media?parent=2665"}],"curies":[{"name":"wp","href":"https:\/\/api.w.org\/{rel}","templated":true}]}}