{"id":2657,"date":"2024-10-24T22:06:53","date_gmt":"2024-10-24T19:06:53","guid":{"rendered":"https:\/\/datekstex.com\/?page_id=2657"},"modified":"2024-11-11T12:50:08","modified_gmt":"2024-11-11T09:50:08","slug":"nasil-yapiyoruz","status":"publish","type":"page","link":"https:\/\/datekstex.com\/en\/nasil-yapiyoruz\/","title":{"rendered":"How We Do It?"},"content":{"rendered":"<div data-vc-full-width=\"true\" data-vc-full-width-init=\"false\" data-vc-stretch-content=\"true\" class=\"vc_row wpb_row top-row row-align-items-center vc_custom_1729796582696 vc_row-no-padding porto-inner-container\"><div class=\"porto-wrap-container container\"><div class=\"row\"><div class=\"vc_column_container col-md-12\"><div class=\"wpb_wrapper vc_column-inner\">\n\t<div class=\"wpb_single_image wpb_content_element vc_align_left\">\n\t\t<div class=\"wpb_wrapper\">\n\t\t\t\n\t\t\t<div class=\"vc_single_image-wrapper   vc_box_border_grey\"><img width=\"1182\" height=\"776\" src=\"https:\/\/datekstex.com\/wp-content\/uploads\/2024\/10\/nasil-yapiyorruz.jpg\" class=\"vc_single_image-img attachment-full\" alt=\"\" decoding=\"async\" loading=\"lazy\" srcset=\"https:\/\/datekstex.com\/wp-content\/uploads\/2024\/10\/nasil-yapiyorruz.jpg 1182w, https:\/\/datekstex.com\/wp-content\/uploads\/2024\/10\/nasil-yapiyorruz-1024x672.jpg 1024w, https:\/\/datekstex.com\/wp-content\/uploads\/2024\/10\/nasil-yapiyorruz-768x504.jpg 768w, https:\/\/datekstex.com\/wp-content\/uploads\/2024\/10\/nasil-yapiyorruz-640x420.jpg 640w, https:\/\/datekstex.com\/wp-content\/uploads\/2024\/10\/nasil-yapiyorruz-400x263.jpg 400w, https:\/\/datekstex.com\/wp-content\/uploads\/2024\/10\/nasil-yapiyorruz-367x241.jpg 367w, https:\/\/datekstex.com\/wp-content\/uploads\/2024\/10\/nasil-yapiyorruz-560x367.jpg 560w\" sizes=\"(max-width: 1182px) 100vw, 1182px\" \/><\/div>\n\t\t<\/div>\n\t<\/div>\n\n\t<div class=\"wpb_text_column wpb_content_element  vc_custom_1731318605561\" >\n\t\t<div class=\"wpb_wrapper\">\n\t\t\t<p>Hedef, de\u011fer ve stratejilerimiz do\u011frultusunda;<\/p>\n<p>\u2022 Kaliteli \u00fcr\u00fcn ve hizmetler sunarak,<br \/>\n- Respect for society and the environment,<br \/>\n- By ensuring the satisfaction of our customers and employees,<br \/>\n- We strive to achieve efficient and sustainable business results by always working honestly and accurately within the framework of ethical values.<\/p>\n\n\t\t<\/div>\n\t<\/div>\n<\/div><\/div><\/div><\/div><\/div><div class=\"vc_row-full-width vc_clearfix\"><\/div><div class=\"vc_row wpb_row row top-row vc_custom_1729796544131\"><div class=\"vc_column_container col-md-12\"><div class=\"wpb_wrapper vc_column-inner\"><h2 class=\"word-rotator slide\" style=\"font-size:41px;text-align:center;\" data-plugin-options=\"{'waittime': 2500, 'pauseOnHover': false}\"><span class=\"word-rotate-prefix\" style=\"font-weight:bold;font-size:33px !important;color:#000000;\">Knitting<\/span> <span class=\"word-rotator-items has-bg\" style=\"font-weight:bold;color:#ddd8d4;background:#000000;\"><b class=\"active\">quality<\/b><b>excellence<\/b><b>innovation<\/b><b>precision<\/b><b>mastery<\/b><b>durability<\/b><\/span> <span class=\"word-rotate-suffix\" style=\"font-weight:bold;font-size:33px !important;color:#000000;\">stitch by stitch<\/span><\/h2><\/div><\/div><\/div>","protected":false},"excerpt":{"rendered":"Hedef, de\u011fer ve stratejilerimiz do\u011frultusunda; \u2022 Kaliteli \u00fcr\u00fcn ve hizmetler sunarak, \u2022 Topluma ve \u00e7evreye kar\u015f\u0131 sayg\u0131l\u0131 olarak, \u2022 M\u00fc\u015fterilerimizin ve \u00e7al\u0131\u015fanlar\u0131m\u0131z\u0131n memnuniyetini sa\u011flayarak, \u2022 Etik de\u011ferler \u00e7er\u00e7evesinde her zaman d\u00fcr\u00fcst ve do\u011fru \u00e7al\u0131\u015farak, verimli ve s\u00fcrd\u00fcr\u00fclebilir i\u015f sonu\u00e7lar\u0131na ula\u015fmaya gayret ediyoruz. \u0130lmek \u0130lmek kalitem\u00fckemmellikyenilikhassasiyetustal\u0131kdayan\u0131kl\u0131l\u0131k \u00f6r\u00fcyoruz","protected":false},"author":1,"featured_media":0,"parent":0,"menu_order":0,"comment_status":"closed","ping_status":"closed","template":"","meta":{"footnotes":""},"acf":[],"_links":{"self":[{"href":"https:\/\/datekstex.com\/en\/wp-json\/wp\/v2\/pages\/2657"}],"collection":[{"href":"https:\/\/datekstex.com\/en\/wp-json\/wp\/v2\/pages"}],"about":[{"href":"https:\/\/datekstex.com\/en\/wp-json\/wp\/v2\/types\/page"}],"author":[{"embeddable":true,"href":"https:\/\/datekstex.com\/en\/wp-json\/wp\/v2\/users\/1"}],"replies":[{"embeddable":true,"href":"https:\/\/datekstex.com\/en\/wp-json\/wp\/v2\/comments?post=2657"}],"version-history":[{"count":7,"href":"https:\/\/datekstex.com\/en\/wp-json\/wp\/v2\/pages\/2657\/revisions"}],"predecessor-version":[{"id":2799,"href":"https:\/\/datekstex.com\/en\/wp-json\/wp\/v2\/pages\/2657\/revisions\/2799"}],"wp:attachment":[{"href":"https:\/\/datekstex.com\/en\/wp-json\/wp\/v2\/media?parent=2657"}],"curies":[{"name":"wp","href":"https:\/\/api.w.org\/{rel}","templated":true}]}}