{"id":2650,"date":"2024-10-24T22:02:02","date_gmt":"2024-10-24T19:02:02","guid":{"rendered":"https:\/\/datekstex.com\/?page_id=2650"},"modified":"2024-10-25T11:22:59","modified_gmt":"2024-10-25T08:22:59","slug":"misyonumuz","status":"publish","type":"page","link":"https:\/\/datekstex.com\/en\/misyonumuz\/","title":{"rendered":"Our Mission"},"content":{"rendered":"<div data-vc-full-width=\"true\" data-vc-full-width-init=\"false\" data-vc-stretch-content=\"true\" class=\"vc_row wpb_row top-row row-align-items-center vc_custom_1729796582696 vc_row-no-padding porto-inner-container\"><div class=\"porto-wrap-container container\"><div class=\"row\"><div class=\"vc_column_container col-md-12\"><div class=\"wpb_wrapper vc_column-inner\">\n\t<div class=\"wpb_single_image wpb_content_element vc_align_left\">\n\t\t<div class=\"wpb_wrapper\">\n\t\t\t\n\t\t\t<div class=\"vc_single_image-wrapper   vc_box_border_grey\"><img width=\"1189\" height=\"762\" src=\"https:\/\/datekstex.com\/wp-content\/uploads\/2024\/10\/ilmek.jpg\" class=\"vc_single_image-img attachment-full\" alt=\"\" decoding=\"async\" loading=\"lazy\" srcset=\"https:\/\/datekstex.com\/wp-content\/uploads\/2024\/10\/ilmek.jpg 1189w, https:\/\/datekstex.com\/wp-content\/uploads\/2024\/10\/ilmek-1024x656.jpg 1024w, https:\/\/datekstex.com\/wp-content\/uploads\/2024\/10\/ilmek-768x492.jpg 768w, https:\/\/datekstex.com\/wp-content\/uploads\/2024\/10\/ilmek-640x410.jpg 640w, https:\/\/datekstex.com\/wp-content\/uploads\/2024\/10\/ilmek-400x256.jpg 400w, https:\/\/datekstex.com\/wp-content\/uploads\/2024\/10\/ilmek-367x235.jpg 367w\" sizes=\"(max-width: 1189px) 100vw, 1189px\" \/><\/div>\n\t\t<\/div>\n\t<\/div>\n\n\t<div class=\"wpb_text_column wpb_content_element  vc_custom_1729796499464\" >\n\t\t<div class=\"wpb_wrapper\">\n\t\t\t<p>To design and produce innovative, high-quality knitted fabrics that meet the evolving needs of the fashion and textile industries. We are committed to sustainability, efficiency, and excellence, ensuring our products contribute to the success of our clients.<\/p>\n\n\t\t<\/div>\n\t<\/div>\n<\/div><\/div><\/div><\/div><\/div><div class=\"vc_row-full-width vc_clearfix\"><\/div><div class=\"vc_row wpb_row row top-row vc_custom_1729796544131\"><div class=\"vc_column_container col-md-12\"><div class=\"wpb_wrapper vc_column-inner\"><h2 class=\"word-rotator slide\" style=\"font-size:41px;text-align:center;\" data-plugin-options=\"{'waittime': 2500, 'pauseOnHover': false}\"><span class=\"word-rotate-prefix\" style=\"font-weight:bold;font-size:33px !important;color:#000000;\">Knitting<\/span> <span class=\"word-rotator-items has-bg\" style=\"font-weight:bold;color:#ddd8d4;background:#000000;\"><b class=\"active\">quality<\/b><b>excellence<\/b><b>innovation<\/b><b>precision<\/b><b>mastery<\/b><b>durability<\/b><\/span> <span class=\"word-rotate-suffix\" style=\"font-weight:bold;font-size:33px !important;color:#000000;\">stitch by stitch<\/span><\/h2><\/div><\/div><\/div>","protected":false},"excerpt":{"rendered":"Moda ve tekstil end\u00fcstrilerinin geli\u015fen ihtiya\u00e7lar\u0131n\u0131 kar\u015f\u0131layan yenilik\u00e7i, y\u00fcksek kaliteli \u00f6rme kuma\u015flar tasarlamak ve \u00fcretmek. S\u00fcrd\u00fcr\u00fclebilirlik, verimlilik ve m\u00fckemmelli\u011fi \u00f6nceliklendirerek \u00fcr\u00fcnlerimizle m\u00fc\u015fterilerimizin ba\u015far\u0131s\u0131na katk\u0131da bulunuyoruz. \u0130lmek \u0130lmek kalitem\u00fckemmellikyenilikhassasiyetustal\u0131kdayan\u0131kl\u0131l\u0131k \u00f6r\u00fcyoruz","protected":false},"author":1,"featured_media":0,"parent":0,"menu_order":0,"comment_status":"closed","ping_status":"closed","template":"","meta":{"footnotes":""},"acf":[],"_links":{"self":[{"href":"https:\/\/datekstex.com\/en\/wp-json\/wp\/v2\/pages\/2650"}],"collection":[{"href":"https:\/\/datekstex.com\/en\/wp-json\/wp\/v2\/pages"}],"about":[{"href":"https:\/\/datekstex.com\/en\/wp-json\/wp\/v2\/types\/page"}],"author":[{"embeddable":true,"href":"https:\/\/datekstex.com\/en\/wp-json\/wp\/v2\/users\/1"}],"replies":[{"embeddable":true,"href":"https:\/\/datekstex.com\/en\/wp-json\/wp\/v2\/comments?post=2650"}],"version-history":[{"count":5,"href":"https:\/\/datekstex.com\/en\/wp-json\/wp\/v2\/pages\/2650\/revisions"}],"predecessor-version":[{"id":2774,"href":"https:\/\/datekstex.com\/en\/wp-json\/wp\/v2\/pages\/2650\/revisions\/2774"}],"wp:attachment":[{"href":"https:\/\/datekstex.com\/en\/wp-json\/wp\/v2\/media?parent=2650"}],"curies":[{"name":"wp","href":"https:\/\/api.w.org\/{rel}","templated":true}]}}