{"id":143,"date":"2016-06-20T07:48:11","date_gmt":"2016-06-20T07:48:11","guid":{"rendered":"http:\/\/sw-themes.com\/porto_dummy\/?page_id=143"},"modified":"2024-10-25T11:38:41","modified_gmt":"2024-10-25T08:38:41","slug":"home","status":"publish","type":"page","link":"https:\/\/datekstex.com\/en\/","title":{"rendered":"Home"},"content":{"rendered":"<div data-vc-full-width=\"true\" data-vc-full-width-init=\"false\" data-vc-stretch-content=\"true\" class=\"vc_row wpb_row row top-row vc_custom_1729792547916 vc_row-has-fill vc_row-no-padding\"><div class=\"vc_column_container col-md-12\"><div class=\"wpb_wrapper vc_column-inner\">\n\t\t\t<!-- START Home Classic Video REVOLUTION SLIDER 6.5.11 --><p class=\"rs-p-wp-fix\"><\/p>\n\t\t\t<rs-module-wrap id=\"rev_slider_2_1_wrapper\" data-source=\"gallery\" style=\"visibility:hidden;background:rgba(21,23,25,0.17);padding:0;\">\n\t\t\t\t<rs-module id=\"rev_slider_2_1\" style=\"\" data-version=\"6.5.11\">\n\t\t\t\t\t<rs-slides>\n\t\t\t\t\t\t<rs-slide style=\"position: absolute;\" data-key=\"rs-2\" data-title=\"Slide\" data-duration=\"68000ms\" data-anim=\"ms:10;\" data-in=\"o:1;\" data-out=\"a:false;\">\n\t\t\t\t\t\t\t<img src=\"\/\/datekstex.com\/wp-content\/plugins\/revslider\/public\/assets\/assets\/dummy.png\" title=\"Dateks-Film-Yeni_2.jpeg\" width=\"1920\" height=\"1080\" class=\"rev-slidebg tp-rs-img rs-lazyload\" data-lazyload=\"\/\/datekstex.com\/wp-content\/uploads\/revslider\/video-media\/Dateks-Film-Yeni_2.jpeg\" data-parallax=\"off\" data-no-retina>\n\t\t\t\t\t\t\t<rs-bgvideo \n\t\t\t\t\t\t\t\tdata-video=\"w:100%;h:100%;nse:false;l:loopandnoslidestop;ptimer:false;vfc:true;\"\n\t\t\t\t\t\t\t\tdata-mp4=\"\/\/datekstex.com\/wp-content\/uploads\/2024\/10\/Dateks-Film-Yeni.mp4\"\n\t\t\t\t\t\t\t><\/rs-bgvideo>\n<!---->\t\t\t\t\t\t<\/rs-slide>\n\t\t\t\t\t<\/rs-slides>\n\t\t\t\t<\/rs-module>\n\t\t\t\t<script type=\"text\/javascript\">\n\t\t\t\t\tsetREVStartSize({c: 'rev_slider_2_1',rl:[1240,1240,1240,480],el:[1000,1000,1000,1000],gw:[1170,1170,1170,1170],gh:[1000,1000,1000,1000],type:'standard',justify:'',layout:'fullscreen',offsetContainer:'',offset:'',mh:\"0\"});if (window.RS_MODULES!==undefined && window.RS_MODULES.modules!==undefined && window.RS_MODULES.modules[\"revslider21\"]!==undefined) {window.RS_MODULES.modules[\"revslider21\"].once = false;window.revapi2 = undefined;if (window.RS_MODULES.checkMinimal!==undefined) window.RS_MODULES.checkMinimal()}\n\t\t\t\t<\/script>\n\t\t\t<\/rs-module-wrap>\n\t\t\t<!-- END REVOLUTION SLIDER -->\n<\/div><\/div><\/div><div class=\"vc_row-full-width vc_clearfix\"><\/div><div class=\"vc_row wpb_row top-row p-t-xxl vc_custom_1729795740203 porto-inner-container\"><div class=\"porto-wrap-container container\"><div class=\"row\"><div class=\"vc_column_container col-md-10 offset-md-1\"><div class=\"wpb_wrapper vc_column-inner\"><h2 class=\"word-rotator slide\" style=\"font-size:41px;text-align:center;\" data-plugin-options=\"{'waittime': 2500, 'pauseOnHover': false}\"><span class=\"word-rotate-prefix\" style=\"font-weight:bold;font-size:33px !important;color:#000000;\">Knitting<\/span> <span class=\"word-rotator-items has-bg\" style=\"font-weight:bold;color:#ddd8d4;background:#000000;\"><b class=\"active\">excellence<\/b><b>quality<\/b><b>innovation<\/b><b>precision<\/b><b>mastery<\/b><b>durability<\/b><\/span> <span class=\"word-rotate-suffix\" style=\"font-weight:bold;font-size:33px !important;color:#000000;\">stitch by stitch<\/span><\/h2><\/div><\/div><\/div><\/div><\/div><div class=\"vc_row wpb_row top-row vc_custom_1729798062161 porto-inner-container\"><div class=\"porto-wrap-container container\"><div class=\"row\"><div class=\"vc_column_container col-md-5 vc_custom_1729845509452\"><div class=\"wpb_wrapper vc_column-inner\"><h2 style=\"font-size: 58px;color: #ffffff;text-align: center\" class=\"vc_custom_heading vc_custom_1729845413055\">PRODUCTS<\/h2><div class=\"porto-btn-ctn-center\"><a class=\"porto-btn porto-adjust-bottom-margin porto-btn-small porto-btn-no-hover-bg  wpb_custom_fa51088c2567b780100c1edcf8821d3b  porto-btn-center\" title='Products' rel='' href = \"https:\/\/datekstex.com\/en\/urunler\/\"  data-hover=\"\" data-border-color=\"#ffffff\" data-bg=\"\" data-hover-bg=\"\" data-border-hover=\"#afafaf\" data-shadow-click=\"none\" data-shadow=\"\" style=\"border-width:1px;border-color:#ffffff;border-style:solid;color: #ffffff;\"><span class=\"porto-btn-hover\"><\/span><span class=\"porto-btn-data porto-btn-text\" >Read More<\/span><\/a><\/div><\/div><\/div><div class=\"vc_column_container col-md-1\"><div class=\"wpb_wrapper vc_column-inner\"><\/div><\/div><div class=\"vc_column_container col-md-5 vc_custom_1729845516985\"><div class=\"wpb_wrapper vc_column-inner\"><h2 style=\"font-size: 58px;color: #ffffff;text-align: center\" class=\"vc_custom_heading vc_custom_1729845421319\">PRODUCTION<\/h2><div class=\"porto-btn-ctn-center\"><a class=\"porto-btn porto-adjust-bottom-margin porto-btn-small porto-btn-no-hover-bg  wpb_custom_fa51088c2567b780100c1edcf8821d3b  porto-btn-center\" title='What We Produce?' rel='' href = \"https:\/\/datekstex.com\/en\/ne-uretiyoruz\/\"  data-hover=\"\" data-border-color=\"#ffffff\" data-bg=\"\" data-hover-bg=\"\" data-border-hover=\"#afafaf\" data-shadow-click=\"none\" data-shadow=\"\" style=\"border-width:1px;border-color:#ffffff;border-style:solid;color: #ffffff;\"><span class=\"porto-btn-hover\"><\/span><span class=\"porto-btn-data porto-btn-text\" >Read More<\/span><\/a><\/div><\/div><\/div><\/div><\/div><\/div>","protected":false},"excerpt":{"rendered":"\u0130lmek \u0130lmek m\u00fckemmellikkaliteyenilikhassasiyetustal\u0131kdayan\u0131kl\u0131l\u0131k \u00f6r\u00fcyoruz\u00dcR\u00dcNLERDetayl\u0131 Bilgi\u00dcRET\u0130MDetayl\u0131 Bilgi","protected":false},"author":1,"featured_media":0,"parent":0,"menu_order":0,"comment_status":"closed","ping_status":"closed","template":"","meta":{"footnotes":""},"acf":[],"_links":{"self":[{"href":"https:\/\/datekstex.com\/en\/wp-json\/wp\/v2\/pages\/143"}],"collection":[{"href":"https:\/\/datekstex.com\/en\/wp-json\/wp\/v2\/pages"}],"about":[{"href":"https:\/\/datekstex.com\/en\/wp-json\/wp\/v2\/types\/page"}],"author":[{"embeddable":true,"href":"https:\/\/datekstex.com\/en\/wp-json\/wp\/v2\/users\/1"}],"replies":[{"embeddable":true,"href":"https:\/\/datekstex.com\/en\/wp-json\/wp\/v2\/comments?post=143"}],"version-history":[{"count":44,"href":"https:\/\/datekstex.com\/en\/wp-json\/wp\/v2\/pages\/143\/revisions"}],"predecessor-version":[{"id":2781,"href":"https:\/\/datekstex.com\/en\/wp-json\/wp\/v2\/pages\/143\/revisions\/2781"}],"wp:attachment":[{"href":"https:\/\/datekstex.com\/en\/wp-json\/wp\/v2\/media?parent=143"}],"curies":[{"name":"wp","href":"https:\/\/api.w.org\/{rel}","templated":true}]}}